{"id":1222,"date":"2020-07-02T09:16:49","date_gmt":"2020-07-02T09:16:49","guid":{"rendered":"https:\/\/tanteasoluciones.com\/?page_id=1222"},"modified":"2020-09-08T17:17:31","modified_gmt":"2020-09-08T17:17:31","slug":"ecoabsorb","status":"publish","type":"page","link":"https:\/\/tanteasoluciones.com\/empresa\/ecoabsorb","title":{"rendered":"Ecoabsorb"},"content":{"rendered":"<div class=\"wpb-content-wrapper\"><p>[vc_row][vc_column][vc_column_text css=\u00bb.vc_custom_1594746931682{margin-bottom: 30px !important;}\u00bb]<strong style=\"font-size: 24px; color: #0f6cc4;\">DISTRIBUIDORES PARA LA REGI\u00d3N DE MURCIA<\/strong>[\/vc_column_text][vc_column_text css=\u00bb.vc_custom_1593705029986{margin-bottom: 30px !important;}\u00bb]<strong style=\"font-size: 24px;\">Absorbente Ecol\u00f3gico 100% . Absorbe todo tipo de derrames contaminantes, Aceites, Hidrocarburos, Pinturas, Productos Qu\u00edmicos, etc, tanto en tierra como el Mar, Lagos, R\u00edos, etc.<\/strong>[\/vc_column_text][\/vc_column][\/vc_row][vc_row][vc_column][vc_row_inner][vc_column_inner width=\u00bb1\/2&#8243;][vc_raw_html]JTNDaWZyYW1lJTIwd2lkdGglM0QlMjIxMDAlMjUlMjIlMjBoZWlnaHQlM0QlMjIzNTAlMjIlMjBzcmMlM0QlMjJodHRwcyUzQSUyRiUyRnd3dy55b3V0dWJlLmNvbSUyRmVtYmVkJTJGLUlKRWNDT3ZOOEklMjIlMjBmcmFtZWJvcmRlciUzRCUyMjAlMjIlMjBhbGxvdyUzRCUyMmFjY2VsZXJvbWV0ZXIlM0IlMjBhdXRvcGxheSUzQiUyMGVuY3J5cHRlZC1tZWRpYSUzQiUyMGd5cm9zY29wZSUzQiUyMHBpY3R1cmUtaW4tcGljdHVyZSUyMiUyMGFsbG93ZnVsbHNjcmVlbiUzRSUzQyUyRmlmcmFtZSUzRQ==[\/vc_raw_html][vc_column_text]<\/p>\n<h2 style=\"font-size: 18px;\">USO EN DERRAMES CONTAMINANTES<\/h2>\n<p>[\/vc_column_text][vc_raw_html css=\u00bb.vc_custom_1593708265806{margin-top: 40px !important;}\u00bb]JTNDaWZyYW1lJTIwd2lkdGglM0QlMjIxMDAlMjUlMjIlMjAlMjBoZWlnaHQlM0QlMjIzNTAlMjIlMjBzcmMlM0QlMjJodHRwcyUzQSUyRiUyRnd3dy55b3V0dWJlLmNvbSUyRmVtYmVkJTJGaG5qRm9NV29SZWslMjIlMjBmcmFtZWJvcmRlciUzRCUyMjAlMjIlMjBhbGxvdyUzRCUyMmFjY2VsZXJvbWV0ZXIlM0IlMjBhdXRvcGxheSUzQiUyMGVuY3J5cHRlZC1tZWRpYSUzQiUyMGd5cm9zY29wZSUzQiUyMHBpY3R1cmUtaW4tcGljdHVyZSUyMiUyMGFsbG93ZnVsbHNjcmVlbiUzRSUzQyUyRmlmcmFtZSUzRQ==[\/vc_raw_html][vc_column_text]<\/p>\n<h2 style=\"font-size: 18px;\">LIMPIEZA DE UN VERTIDO CONTAMINANTE EN FUERTEVENTURA<\/h2>\n<p>[\/vc_column_text][vc_raw_html css=\u00bb.vc_custom_1593708449429{margin-top: 40px !important;}\u00bb]JTNDaWZyYW1lJTIwd2lkdGglM0QlMjIxMDAlMjUlMjIlMjAlMjBoZWlnaHQlM0QlMjIzNTAlMjIlMjBoZWlnaHQlM0QlMjIxMDAlMjUlMjIlMjBzcmMlM0QlMjJodHRwcyUzQSUyRiUyRnd3dy55b3V0dWJlLmNvbSUyRmVtYmVkJTJGS2lnRDd1U1VQOW8lMjIlMjBmcmFtZWJvcmRlciUzRCUyMjAlMjIlMjBhbGxvdyUzRCUyMmFjY2VsZXJvbWV0ZXIlM0IlMjBhdXRvcGxheSUzQiUyMGVuY3J5cHRlZC1tZWRpYSUzQiUyMGd5cm9zY29wZSUzQiUyMHBpY3R1cmUtaW4tcGljdHVyZSUyMiUyMGFsbG93ZnVsbHNjcmVlbiUzRSUzQyUyRmlmcmFtZSUzRQ==[\/vc_raw_html][vc_column_text]<\/p>\n<h2 style=\"font-size: 18px;\">USO DE ECOABSORB P EN TALLERES<\/h2>\n<p>[\/vc_column_text][\/vc_column_inner][vc_column_inner width=\u00bb1\/2&#8243;][vc_raw_html]JTNDaWZyYW1lJTIwd2lkdGglM0QlMjIxMDAlMjUlMjIlMjAlMjBoZWlnaHQlM0QlMjIzNTAlMjIlMjBzcmMlM0QlMjJodHRwcyUzQSUyRiUyRnd3dy55b3V0dWJlLmNvbSUyRmVtYmVkJTJGYWE3ejdEUEd5d0ElMjIlMjBmcmFtZWJvcmRlciUzRCUyMjAlMjIlMjBhbGxvdyUzRCUyMmFjY2VsZXJvbWV0ZXIlM0IlMjBhdXRvcGxheSUzQiUyMGVuY3J5cHRlZC1tZWRpYSUzQiUyMGd5cm9zY29wZSUzQiUyMHBpY3R1cmUtaW4tcGljdHVyZSUyMiUyMGFsbG93ZnVsbHNjcmVlbiUzRSUzQyUyRmlmcmFtZSUzRQ==[\/vc_raw_html][vc_column_text]<\/p>\n<h2 style=\"font-size: 18px;\">LIMPIEZA Y RECOGIDA DE HIDROCARBUROS<\/h2>\n<p>[\/vc_column_text][vc_raw_html css=\u00bb.vc_custom_1599585450595{margin-top: 40px !important;}\u00bb]JTNDaWZyYW1lJTIwd2lkdGglM0QlMjIxMDAlMjUlMjIlMjBoZWlnaHQlM0QlMjIzNTAlMjIlMjBzcmMlM0QlMjJodHRwcyUzQSUyRiUyRnd3dy55b3V0dWJlLmNvbSUyRmVtYmVkJTJGZDRKZFE5LWdlR1klMjIlMjBmcmFtZWJvcmRlciUzRCUyMjAlMjIlMjBhbGxvdyUzRCUyMmFjY2VsZXJvbWV0ZXIlM0IlMjBhdXRvcGxheSUzQiUyMGVuY3J5cHRlZC1tZWRpYSUzQiUyMGd5cm9zY29wZSUzQiUyMHBpY3R1cmUtaW4tcGljdHVyZSUyMiUyMGFsbG93ZnVsbHNjcmVlbiUzRSUzQyUyRmlmcmFtZSUzRQ==[\/vc_raw_html][vc_column_text]<\/p>\n<h2 style=\"font-size: 18px;\">EJEMPLO DE RECOGIDA DE ACEITE INDUSTRIAL EN EL AGUA CON <strong>\u00a0ECOABSORB G<\/strong><\/h2>\n<p>[\/vc_column_text][vc_raw_html css=\u00bb.vc_custom_1593708459488{margin-top: 40px !important;}\u00bb]JTNDaWZyYW1lJTIwd2lkdGglM0QlMjIxMDAlMjUlMjIlMjAlMjBoZWlnaHQlM0QlMjIzNTAlMjIlMjBzcmMlM0QlMjJodHRwcyUzQSUyRiUyRnd3dy55b3V0dWJlLmNvbSUyRmVtYmVkJTJGa3RRT0IzdzRXMFUlMjIlMjBmcmFtZWJvcmRlciUzRCUyMjAlMjIlMjBhbGxvdyUzRCUyMmFjY2VsZXJvbWV0ZXIlM0IlMjBhdXRvcGxheSUzQiUyMGVuY3J5cHRlZC1tZWRpYSUzQiUyMGd5cm9zY29wZSUzQiUyMHBpY3R1cmUtaW4tcGljdHVyZSUyMiUyMGFsbG93ZnVsbHNjcmVlbiUzRSUzQyUyRmlmcmFtZSUzRQ==[\/vc_raw_html][vc_column_text]<\/p>\n<h2 style=\"font-size: 18px;\">USO DE ECOABSORB EN HOSTELER\u00cdA<\/h2>\n<p>[\/vc_column_text][\/vc_column_inner][\/vc_row_inner][vc_row_inner][vc_column_inner width=\u00bb1\/2&#8243;][vc_cta h2=\u00bbDescripci\u00f3n de ECOABSORB\u00bb h2_font_container=\u00bbcolor:%23ffffff\u00bb h2_google_fonts=\u00bbfont_family:Alef%3Aregular%2C700|font_style:700%20bold%20regular%3A700%3Anormal\u00bb color=\u00bbpeacoc\u00bb use_custom_fonts_h2=\u00bbtrue\u00bb css=\u00bb.vc_custom_1593708533103{margin-top: 40px !important;background-color: #1e73be !important;}\u00bb][\/vc_cta][vc_column_text]Absorbente Ecol\u00f3gico 100% . Absorbe todo tipo de derrames contaminantes, Aceites, Hidrocarburos, Pinturas, Productos Qu\u00edmicos, etc, tanto en tierra como el Mar, Lagos, R\u00edos, etc.<\/p>\n<p>Sus ventajas son un M\u00ednimo Consumo, con una M\u00e1xima Eficacia y obteniendo un M\u00e1ximo Rendimiento<\/p>\n<p>Es un absorbente Industrial hidr\u00f3fugo, proveniente al 100% de materiales reciclados. Posee una estructura le permite actuar de una manera m\u00e1s r\u00e1pida y eficaz que otros absorbentes, presentando una muy alta capacidad de absorci\u00f3n.<br \/>\nEsta indicado para los casos m\u00e1s dif\u00edciles, sin importar el tipo de agente qu\u00edmico o aceite que haya contaminado tanto superficies porosas como rugosas, el Ecoabsorb proporciona una limpieza completa y profunda de la superficie, siendo capaz de absorber entre 3 y 10 veces su peso. El bajo peso espec\u00edfico de Ecoabsorb no solo ofrece beneficios para el ambiente de trabajo, sino que tambi\u00e9n mantiene los costes de eliminaci\u00f3n de residuos bajos.<\/p>\n<p>Ejemplo: 1 kg de Ecoabsorb P absorbe 3,43 litros de aceite.<\/p>\n<p>Al ser un producto hidr\u00f3fugo, es capaz de absorber los derrames producidos en presencia de agua sin absorber a \u00e9sta, ahorrando de esta manera desechos innecesarios.<\/p>\n<p><strong>Ecoabsorb<\/strong> es un producto que implica un avance importante con respecto a la sepiolita, ya que pesa mucho menos (eso se traduce en menos coste a la hora de reciclar, ya que se paga por peso, en las empresas especializadas en reciclar dichos residuos), es reutilizable y absorbe mucha mas cantidad de productos contaminantes, siendo en ecoabsorb un sustituto ideal a la sepiolita y con mejoras muy evidentes, haciendo una absorci\u00f3n mucho mas\u00a0 profunda sin dejar restos\u00a0 de grasa. Otra de las ventajas es que se puede usar en el mar para retirar el aceite , fuel oil y dem\u00e1s vertidos recogi\u00e9ndolos del agua sin problemas y recogi\u00e9ndose muy f\u00e1cilmente.[\/vc_column_text][vc_raw_html css=\u00bb.vc_custom_1593708085918{margin-top: 40px !important;}\u00bb]JTNDaWZyYW1lJTIwd2lkdGglM0QlMjIxMDAlMjUlMjIlMjAlMjBoZWlnaHQlM0QlMjIzNTAlMjIlMjBzcmMlM0QlMjJodHRwcyUzQSUyRiUyRnd3dy55b3V0dWJlLmNvbSUyRmVtYmVkJTJGZDRKZFE5LWdlR1klMjIlMjBmcmFtZWJvcmRlciUzRCUyMjAlMjIlMjBhbGxvdyUzRCUyMmFjY2VsZXJvbWV0ZXIlM0IlMjBhdXRvcGxheSUzQiUyMGVuY3J5cHRlZC1tZWRpYSUzQiUyMGd5cm9zY29wZSUzQiUyMHBpY3R1cmUtaW4tcGljdHVyZSUyMiUyMGFsbG93ZnVsbHNjcmVlbiUzRSUzQyUyRmlmcmFtZSUzRQ==[\/vc_raw_html][vc_column_text]<\/p>\n<h2 style=\"font-size: 18px;\">ECOABSORB: ABSORBENTE DE DERRAMES DE HIDROCARBUROS EN EL AGUA<\/h2>\n<p>[\/vc_column_text][vc_cta h2=\u00bbCaracter\u00edsticas\u00bb h2_font_container=\u00bbcolor:%23ffffff\u00bb h2_google_fonts=\u00bbfont_family:Alef%3Aregular%2C700|font_style:700%20bold%20regular%3A700%3Anormal\u00bb color=\u00bbpeacoc\u00bb use_custom_fonts_h2=\u00bbtrue\u00bb css=\u00bb.vc_custom_1593708715200{margin-top: 40px !important;background-color: #1e73be !important;}\u00bb][\/vc_cta][vc_column_text]<\/p>\n<ul>\n<li>Act\u00faa r\u00e1pidamente.<\/li>\n<li>Manipulaci\u00f3n r\u00e1pida, sencilla y eficaz en caso de p\u00e9rdidas por goteo, emergencias en caso de derrames , accidentes, etc.<\/li>\n<li>Ligero y, por tanto, f\u00e1cil y r\u00e1pido de utilizar.<\/li>\n<li>Absorbe entre 3 y 10 veces su peso, dependiendo del producto contaminante derramado.<\/li>\n<li>\u00a0Superabsorbente y, por tanto, menos consumo de material.<\/li>\n<li>Excelentes propiedades antideslizantes.<\/li>\n<li>\u00a0De aplicaci\u00f3n como absorbente de aceites, di\u00e9sel, disolventes, hidrocarburos, productos qu\u00edmicos y todo tipo vertido de productos contaminantes en el piso y en el agua.<\/li>\n<li>Sin igual para la recogida de sustancias pastosas y espesas como resinas, barnices, pegamentos, etc.<\/li>\n<li>Eficacia en profundidad.<\/li>\n<li>Hidr\u00f3fobo, Repelente al agua.<\/li>\n<li>Recoge el aceite que este en el agua, dej\u00e1ndola limpia y descontaminada al 95%<\/li>\n<li>Retiene el aceite incluso cuando est\u00e1 comprimido<\/li>\n<li>Flota en el agua incluso cuando est\u00e1 saturado<\/li>\n<li>Absorbe el petr\u00f3leo incluso en el agua, formando grumos grandes que luego se recuperan f\u00e1cilmente.<\/li>\n<li>Ideal para tratar accidentes de carretera con derrames de l\u00edquidos peligrosos.<\/li>\n<li>Es inofensivo para la flora y la fauna<\/li>\n<li>No contiene productos qu\u00edmicos agresivos<\/li>\n<li>Gran compatibilidad con el ambiente de trabajo.<\/li>\n<li>No produce aglutinamiento, ni lodos.<\/li>\n<li>No se adhiere a los zapatos, ruedas de veh\u00edculos, etc.<\/li>\n<li>Una vez aplicado la recogida con Ecoabsorb, no es necesario realizar una limpieza adicional de ninguna otra forma.<\/li>\n<li>Respetuoso con el suelo, especialmente apto para pavimentos en f\u00e1bricas, talleres con baldosas o pulidos, o suelos rugosos y porosos como el asfalto.<\/li>\n<li>Gastos de gesti\u00f3n de residuos hasta un 70% m\u00e1s bajos que con los aglutinantes corrientes, gracias al bajo peso y a la elevada capacidad de recogida.<\/li>\n<li>Alto valor cal\u00f3rico en caso de incineraci\u00f3n de residuos \u2013 menos de un 0,2% de cenizas.<\/li>\n<li>Es el absorbente m\u00e1s utilizado en Europa para la recuperaci\u00f3n medioambiental.<\/li>\n<li>\u00danico absorbente universal que tiene un efecto positivo en el medio ambiente: producir 1 kg de Ecoabsorb evita la emisi\u00f3n de 250 kg de CO2 a la atm\u00f3sfera.<\/li>\n<\/ul>\n<p>[\/vc_column_text][vc_cta h2=\u00bbIndicado para utilizarse en:\u00bb h2_font_container=\u00bbcolor:%231e73be\u00bb h2_google_fonts=\u00bbfont_family:Alef%3Aregular%2C700|font_style:700%20bold%20regular%3A700%3Anormal\u00bb color=\u00bbpeacoc\u00bb use_custom_fonts_h2=\u00bbtrue\u00bb css=\u00bb.vc_custom_1593709858298{margin-top: 30px !important;}\u00bb]<\/p>\n<ul>\n<li>\u00a0Carreteras y Autov\u00edas.<\/li>\n<li>\u00a0Sector Naval y portuario.<\/li>\n<li>\u00a0Establecimientos industriales y comerciales.<\/li>\n<li>\u00a0Establecimientos de manufactura y reparaci\u00f3n.<\/li>\n<li>\u00a0Compa\u00f1\u00edas de transporte y tr\u00e1fico.<\/li>\n<li>\u00a0Sector de extracci\u00f3n de crudo y transporte.<\/li>\n<li>\u00a0Comercio de todo tipo de aceites y productos peligrosos.<\/li>\n<li>\u00a0Actividades domesticas y talleres.<\/li>\n<li>\u00a0Uso residencial en casa, y garajes.<\/li>\n<li>\u00a0Uso en cocinas, bares, restaurantes, hoteles, Hospitales.<\/li>\n<\/ul>\n<p>[\/vc_cta][vc_cta h2=\u00bbModo de empleo\u00bb h2_font_container=\u00bbcolor:%231e73be\u00bb h2_google_fonts=\u00bbfont_family:Alef%3Aregular%2C700|font_style:700%20bold%20regular%3A700%3Anormal\u00bb color=\u00bbpeacoc\u00bb use_custom_fonts_h2=\u00bbtrue\u00bb css=\u00bb.vc_custom_1593710039780{margin-top: 30px !important;}\u00bb]Utilizando los correspondientes equipos de protecci\u00f3n individual, seg\u00fan:<\/p>\n<p><strong>Para derrames en suelos:\u00a0<\/strong><br \/>\nCubrir la mancha con ECOABSORB esperar el tiempo necesario para que absorba y frotar suavemente con un cepillo sobre la mancha, y recoger. El producto podr\u00e1 ser usado de nuevo en otro vertido, hasta su saturaci\u00f3n.<\/p>\n<p><strong>Para derrames sobre agua:\u00a0<\/strong><br \/>\nCubrir primero el borde del derrame para evitar su propagaci\u00f3n e ir adentr\u00e1ndose con el espolvoreo de ECOABSORB hacia el interior de la mancha hasta cubrirla por completo, remover y recoger el producto con palas, rastrillos, redes, etc.<\/p>\n<p>En el caso de vertidos en el mar, r\u00edos, embalses donde haya corriente, es necesario a\u00f1adir barreras de contenci\u00f3n para evitar que el vertido se disgregue.[\/vc_cta][vc_raw_html css=\u00bb.vc_custom_1593710776744{margin-top: 40px !important;}\u00bb]JTNDaWZyYW1lJTIwd2lkdGglM0QlMjIxMDAlMjUlMjIlMjAlMjBoZWlnaHQlM0QlMjIzNTAlMjIlMjBzcmMlM0QlMjJodHRwcyUzQSUyRiUyRnd3dy55b3V0dWJlLmNvbSUyRmVtYmVkJTJGQzhBX1U1T2Z0bUklMjIlMjBmcmFtZWJvcmRlciUzRCUyMjAlMjIlMjBhbGxvdyUzRCUyMmFjY2VsZXJvbWV0ZXIlM0IlMjBhdXRvcGxheSUzQiUyMGVuY3J5cHRlZC1tZWRpYSUzQiUyMGd5cm9zY29wZSUzQiUyMHBpY3R1cmUtaW4tcGljdHVyZSUyMiUyMGFsbG93ZnVsbHNjcmVlbiUzRSUzQyUyRmlmcmFtZSUzRQ==[\/vc_raw_html][vc_column_text]<\/p>\n<h2 style=\"font-size: 18px;\">VIDEO DE MANTENIMIENTO DE CARRETERAS<\/h2>\n<p>[\/vc_column_text][\/vc_column_inner][vc_column_inner width=\u00bb1\/2&#8243;][vc_cta h2=\u00bbVentajas\u00bb h2_font_container=\u00bbcolor:%23ffffff\u00bb h2_google_fonts=\u00bbfont_family:Alef%3Aregular%2C700|font_style:700%20bold%20regular%3A700%3Anormal\u00bb color=\u00bbpeacoc\u00bb use_custom_fonts_h2=\u00bbtrue\u00bb css=\u00bb.vc_custom_1593708540081{margin-top: 40px !important;background-color: #1e73be !important;}\u00bb][\/vc_cta][vc_column_text]<strong>Ecoabsorb<\/strong> es un producto,\u00a0<strong> ECOL\u00d3GICO, R\u00c1PIDO<\/strong> en su aplicaci\u00f3n, muy <strong>F\u00c1CIL<\/strong> de usar, <strong>EFICAZ<\/strong> con todo tipo de vertidos contaminantes, y muy <strong>ECON\u00d3MICO.<\/strong>[\/vc_column_text][vc_cta h2=\u00bbDatos T\u00e9cnicos\u00bb h2_font_container=\u00bbcolor:%231e73be\u00bb h2_google_fonts=\u00bbfont_family:Alef%3Aregular%2C700|font_style:700%20bold%20regular%3A700%3Anormal\u00bb color=\u00bbpeacoc\u00bb use_custom_fonts_h2=\u00bbtrue\u00bb css=\u00bb.vc_custom_1593707811103{margin-top: 30px !important;}\u00bb]\u2022 Material base: 100% reciclado.<br \/>\n\u2022 Granulometr\u00eda<br \/>\nEcoabsorb P tama\u00f1o de part\u00edculas:\u00a0 250-500 \u00b5m,\u00a0 &gt;60%.<br \/>\nEcoabsorb M tama\u00f1o de part\u00edculas 250 \u00b5m &#8211; 4 mm<br \/>\nEcoabsorb G tama\u00f1o de part\u00edculas 2 mm &#8211; 4 mm<br \/>\n\u2022 Densidades oscilan entre\u00a0 210 g\/lt \u2013 450 g\/lt.<br \/>\n\u2022\u00a0 No contiene COV&#8217;s. (Compuestos org\u00e1nicos vol\u00e1tiles), sabemos que \u00a0son contaminantes del aire y cuando se mezclan con \u00f3xidos de nitr\u00f3geno, reaccionan para formar ozono.<br \/>\n\u2022\u00a0 No caduca, ni pierde eficacia con el paso de los a\u00f1os.<\/p>\n<p>\u2022\u00a0 Homologado como MPA-III R, seg\u00fan clasificaci\u00f3n de sustancias aglutinantes de aceite seg\u00fan el Ministerio Federal Alem\u00e1n de Medio Ambiente son Tipo I,II,III, R.<\/p>\n<p>Tipo I Aglutinante de aceite con una idoneidad especial para ser utilizado en todo tipo de aguas<br \/>\nTipo II Aglutinante de aceite para un uso r\u00e1pido en peque\u00f1as superficies de agua y en tierra firme<br \/>\nTipo III Aglutinante de aceite para necesidades especiales sobre un suelo firme y superficies de tr\u00e1fico<br \/>\nTipo R Su uso garantiza un agarre suficientemente bueno de la calzada<\/p>\n<p>Ecoabsorb, tanto en polvo como en gr\u00e1nulos, ha sido certificado como un buen absorbente para ubicaciones de tr\u00e1fico intenso.<\/p>\n<p>El Ministerio del Interior alem\u00e1n (BMI) en el p\u00e1rrafo \u00abEliminaci\u00f3n de residuos oleosos en \u00e1reas de tr\u00e1fico\u00bb especifica que despu\u00e9s de el uso de absorbentes para la eliminaci\u00f3n del contaminante y la posterior purificaci\u00f3n con una mezcla de agua y detergente, la superficie de la carretera debe tener nuevamente un sello suficiente y no menos del 80% del valor de origen, especialmente en presencia de humedad. De acuerdo con lo que ha emitido el Ministerio del Interior, las Regiones estipulan que pueden ser empleados en superficies de carreteras, solo absorbente con una certificaci\u00f3n relativa emitida por las oficinas de seguridad. Homologado MPA-III R. Adherencia vial sin cambios (MPA NRV).[\/vc_cta][vc_cta h2=\u00bbClasificaciones\u00bb h2_font_container=\u00bbcolor:%23ffffff\u00bb h2_google_fonts=\u00bbfont_family:Alef%3Aregular%2C700|font_style:700%20bold%20regular%3A700%3Anormal\u00bb color=\u00bbpeacoc\u00bb use_custom_fonts_h2=\u00bbtrue\u00bb css=\u00bb.vc_custom_1593709219365{margin-top: 40px !important;background-color: #1e73be !important;}\u00bb][\/vc_cta][vc_column_text]<\/p>\n<ul>\n<li>La sustancia no est\u00e1 clasificada como peligrosa para los humanos y el medio ambiente: no se requieren requisitos espec\u00edficos S\u00edmbolos de peligro y frases de riesgo. El producto tal como es bajo las condiciones en las que se ingresa en el mercado, no est\u00e1 clasificado como peligroso de acuerdo con la Directiva 67\/548 \/ CEE\u00a0 y ajustes subsecuentes de XXXI)<\/li>\n<li>Cumple seg\u00fan el Reglamento REACH (Reglamento CE N\u00ba 1907\/2006 y s M.)<\/li>\n<li>Riesgos f\u00edsicos qu\u00edmicos: No presenta par\u00e1metros de peligro f\u00edsico-qu\u00edmicos.<\/li>\n<li>Riesgos para la salud: no se conocen efectos agudos o cr\u00f3nicos en la salud<\/li>\n<li>Reglamento CE 1272\/2008 (CLP) sobre clasificaci\u00f3n y etiquetado de sustancias y minerales mezclas, ha sido aprobado por el Consejo Europeo. Autorizaci\u00f3n seg\u00fan el Reglamento REACH (Reglamento CE N\u00ba 1907\/2006 y s M.).\u00a0\u00a0 Producto no incluido en la lista de candidatos para autorizaci\u00f3n<\/li>\n<li>Restricciones para el uso seg\u00fan el Reglamento REACH (Reglamento CE N\u00ba 1907\/2006 y s. M.) Sustancia no sujeta a restricciones en virtud del T\u00edtulo VIII (Anexo XVII, Ap\u00e9ndice 2).<\/li>\n<li>En base a nuestra experiencia e informaci\u00f3n disponible, el producto no es da\u00f1ino para el salud si se maneja adecuadamente y se usa de acuerdo con los est\u00e1ndares. La sustancia no tiene que ser clasificaci\u00f3n de acuerdo con las listas de EEC en la \u00faltima versi\u00f3n v\u00e1lida.<\/li>\n<\/ul>\n<p>[\/vc_column_text][vc_cta h2=\u00bbTratamientos de residuos\u00bb h2_font_container=\u00bbcolor:%231e73be\u00bb h2_google_fonts=\u00bbfont_family:Alef%3Aregular%2C700|font_style:700%20bold%20regular%3A700%3Anormal\u00bb color=\u00bbpeacoc\u00bb use_custom_fonts_h2=\u00bbtrue\u00bb css=\u00bb.vc_custom_1593709347670{margin-top: 30px !important;}\u00bb]Para la eliminaci\u00f3n de residuos derivados del producto, cumpla con D.lgs 152\/2006 y s.m.i. C\u00f3digo de residuo 150202 &#8211; Absorbentes, materiales de filtro (incluidos filtros de filtros no especificados), trapos y ropa de protecci\u00f3n, contaminados con sustancias peligrosas.[\/vc_cta][vc_cta h2=\u00bbTransporte\u00bb h2_font_container=\u00bbcolor:%231e73be\u00bb h2_google_fonts=\u00bbfont_family:Alef%3Aregular%2C700|font_style:700%20bold%20regular%3A700%3Anormal\u00bb color=\u00bbpeacoc\u00bb use_custom_fonts_h2=\u00bbtrue\u00bb css=\u00bb.vc_custom_1593709371450{margin-top: 30px !important;}\u00bb]Sustancia no peligrosa, por lo que no est\u00e1 sujeta a sus reglamentaciones ADR modales para el transporte en carretera, RID para ese carril, IMG para eso por mar, ICAO \/ IATA para ese avi\u00f3n.[\/vc_cta][vc_raw_html css=\u00bb.vc_custom_1593709448480{margin-top: 40px !important;}\u00bb]JTNDaWZyYW1lJTIwd2lkdGglM0QlMjIxMDAlMjUlMjIlMjAlMjBoZWlnaHQlM0QlMjIzNTAlMjIlMjBzcmMlM0QlMjJodHRwcyUzQSUyRiUyRnd3dy55b3V0dWJlLmNvbSUyRmVtYmVkJTJGWklwQjRyQ3A2VkElMjIlMjBmcmFtZWJvcmRlciUzRCUyMjAlMjIlMjBhbGxvdyUzRCUyMmFjY2VsZXJvbWV0ZXIlM0IlMjBhdXRvcGxheSUzQiUyMGVuY3J5cHRlZC1tZWRpYSUzQiUyMGd5cm9zY29wZSUzQiUyMHBpY3R1cmUtaW4tcGljdHVyZSUyMiUyMGFsbG93ZnVsbHNjcmVlbiUzRSUzQyUyRmlmcmFtZSUzRQ==[\/vc_raw_html][vc_column_text]<\/p>\n<h2 style=\"font-size: 18px;\">VIDEO COMPARATIVO ECOABSORB VS SEPIOLITA<\/h2>\n<p>[\/vc_column_text][vc_cta h2=\u00bbDiferencias de ECOABSORB\u00bb h2_font_container=\u00bbcolor:%23ffffff\u00bb h2_google_fonts=\u00bbfont_family:Alef%3Aregular%2C700|font_style:700%20bold%20regular%3A700%3Anormal\u00bb color=\u00bbpeacoc\u00bb use_custom_fonts_h2=\u00bbtrue\u00bb css=\u00bb.vc_custom_1593710167867{margin-top: 40px !important;background-color: #1e73be !important;}\u00bb][\/vc_cta][vc_column_text]<\/p>\n<ul>\n<li>Ecoabsorb P es un Absorbente ecol\u00f3gico industrial en polvo muy fino para derrames contaminantes indicado para una limpieza profunda en superficie. Alto poder de absorci\u00f3n y limpieza.<\/li>\n<li>Ecoabsorb M es un Absorbente ecol\u00f3gico industrial de grano medio y polvo\u00a0 para derrames contaminantes indicado para vertidos de nivel medio en superficie y en el agua.<\/li>\n<li>Ecoabsorb G es un Absorbente ecol\u00f3gico industrial granulado para derrames contaminantes indicado para grandes vertidos en superficie y en el agua.<\/li>\n<\/ul>\n<p>[\/vc_column_text][vc_cta h2=\u00bbFormatos de ECOABSORB\u00bb h2_font_container=\u00bbcolor:%23ffffff\u00bb h2_google_fonts=\u00bbfont_family:Alef%3Aregular%2C700|font_style:700%20bold%20regular%3A700%3Anormal\u00bb color=\u00bbpeacoc\u00bb use_custom_fonts_h2=\u00bbtrue\u00bb css=\u00bb.vc_custom_1593710315783{margin-top: 40px !important;background-color: #1e73be !important;}\u00bb][\/vc_cta][vc_column_text]<strong><em>Ecoabsorb P (Polvo) Saco peque\u00f1o 3 Lts\u00a0 <\/em><\/strong><br \/>\n<strong><em>Ecoabsorb P (Polvo) Saco Grande 20 Lts<\/em><\/strong><\/p>\n<p><strong><em>Ecoabsorb M (Medio) Saco peque\u00f1o 3 Lts <\/em><\/strong><br \/>\n<strong><em>Ecoabsorb M (Medio) Saco Grande 20 Lts <\/em><\/strong><\/p>\n<p><strong><em>Ecoabsorb G (Grueso) Saco peque\u00f1o 3 Lts <\/em><\/strong><br \/>\n<strong><em>Ecoabsorb G (Grueso) Saco Grande 20 Lts\u00a0<\/em><\/strong><\/p>\n<p>&nbsp;<\/p>\n<p>Tambi\u00e9n disponemos de big bags, de 1000 Lts.<\/p>\n<p>[\/vc_column_text][vc_cta h2=\u00bbEmbalaje de ECOABSORB\u00bb h2_font_container=\u00bbcolor:%231e73be\u00bb h2_google_fonts=\u00bbfont_family:Alef%3Aregular%2C700|font_style:700%20bold%20regular%3A700%3Anormal\u00bb color=\u00bbpeacoc\u00bb use_custom_fonts_h2=\u00bbtrue\u00bb css=\u00bb.vc_custom_1594910576885{margin-top: 30px !important;}\u00bb]<u>En Formato de Saco Grande 20 Lts<\/u>, Ecoabsorb P, Ecoabsorb M y\u00a0 Ecoabsorb G<br \/>\nPalets de 44 Unidades. Medidas del Palet 120 x 80 x 120 cms.<br \/>\nPeso aproximado por palet de Ecoabsorb P 320 kgs brutos.<br \/>\nPeso aproximado por palet de Ecoabsorb M 420 kgs brutos.<\/p>\n<p><u>En Formato de Saco Peque\u00f1o 3 Lts<\/u>, Ecoabsorb P, Ecoabsorb M, Ecoabsorb G<br \/>\nPalets de 36 Cajas, 3 alturas 12 Cajas por Altura.<br \/>\n6 unidades en cada caja<br \/>\ncon un total de 216 unidades por palet. Medias del Palet 120 x 80 x 120 cms.<br \/>\nPeso aproximado por palet de 216 kgs.[\/vc_cta][\/vc_column_inner][\/vc_row_inner][\/vc_column][\/vc_row]<\/p>\n<\/div>","protected":false},"excerpt":{"rendered":"<p>[vc_row][vc_column][vc_column_text css=\u00bb.vc_custom_1594746931682{margin-bottom: 30px !important;}\u00bb]DISTRIBUIDORES PARA LA REGI\u00d3N DE MURCIA[\/vc_column_text][vc_column_text css=\u00bb.vc_custom_1593705029986{margin-bottom: 30px !important;}\u00bb]Absorbente Ecol\u00f3gico 100% . Absorbe todo tipo de derrames contaminantes, Aceites, Hidrocarburos, Pinturas, Productos Qu\u00edmicos, etc, tanto en tierra como el Mar, Lagos, R\u00edos, etc.[\/vc_column_text][\/vc_column][\/vc_row][vc_row][vc_column][vc_row_inner][vc_column_inner width=\u00bb1\/2&#8243;][vc_raw_html]JTNDaWZyYW1lJTIwd2lkdGglM0QlMjIxMDAlMjUlMjIlMjBoZWlnaHQlM0QlMjIzNTAlMjIlMjBzcmMlM0QlMjJodHRwcyUzQSUyRiUyRnd3dy55b3V0dWJlLmNvbSUyRmVtYmVkJTJGLUlKRWNDT3ZOOEklMjIlMjBmcmFtZWJvcmRlciUzRCUyMjAlMjIlMjBhbGxvdyUzRCUyMmFjY2VsZXJvbWV0ZXIlM0IlMjBhdXRvcGxheSUzQiUyMGVuY3J5cHRlZC1tZWRpYSUzQiUyMGd5cm9zY29wZSUzQiUyMHBpY3R1cmUtaW4tcGljdHVyZSUyMiUyMGFsbG93ZnVsbHNjcmVlbiUzRSUzQyUyRmlmcmFtZSUzRQ==[\/vc_raw_html][vc_column_text] USO EN DERRAMES&#8230;<\/p>\n","protected":false},"author":1,"featured_media":0,"parent":0,"menu_order":0,"comment_status":"open","ping_status":"closed","template":"","meta":{"footnotes":""},"class_list":["post-1222","page","type-page","status-publish","hentry"],"_links":{"self":[{"href":"https:\/\/tanteasoluciones.com\/empresa\/wp-json\/wp\/v2\/pages\/1222","targetHints":{"allow":["GET"]}}],"collection":[{"href":"https:\/\/tanteasoluciones.com\/empresa\/wp-json\/wp\/v2\/pages"}],"about":[{"href":"https:\/\/tanteasoluciones.com\/empresa\/wp-json\/wp\/v2\/types\/page"}],"author":[{"embeddable":true,"href":"https:\/\/tanteasoluciones.com\/empresa\/wp-json\/wp\/v2\/users\/1"}],"replies":[{"embeddable":true,"href":"https:\/\/tanteasoluciones.com\/empresa\/wp-json\/wp\/v2\/comments?post=1222"}],"version-history":[{"count":62,"href":"https:\/\/tanteasoluciones.com\/empresa\/wp-json\/wp\/v2\/pages\/1222\/revisions"}],"predecessor-version":[{"id":1354,"href":"https:\/\/tanteasoluciones.com\/empresa\/wp-json\/wp\/v2\/pages\/1222\/revisions\/1354"}],"wp:attachment":[{"href":"https:\/\/tanteasoluciones.com\/empresa\/wp-json\/wp\/v2\/media?parent=1222"}],"curies":[{"name":"wp","href":"https:\/\/api.w.org\/{rel}","templated":true}]}}