{"id":1329,"date":"2020-07-17T14:26:08","date_gmt":"2020-07-17T14:26:08","guid":{"rendered":"https:\/\/tanteasoluciones.com\/?page_id=1329"},"modified":"2020-07-17T14:40:24","modified_gmt":"2020-07-17T14:40:24","slug":"arimesa","status":"publish","type":"page","link":"https:\/\/tanteasoluciones.com\/empresa\/arimesa","title":{"rendered":"ARIMESA. Distribuidor Homologado de productos Master Builders"},"content":{"rendered":"<div class=\"wpb-content-wrapper\"><p>[vc_row][vc_column width=\u00bb1\/4&#8243;][vc_single_image image=\u00bb1335&#8243; img_size=\u00bbfull\u00bb][\/vc_column][vc_column width=\u00bb3\/4&#8243;][vc_column_text css=\u00bb.vc_custom_1594986495380{margin-bottom: 30px !important;}\u00bb]<strong style=\"font-size: 24px; color: #0f6cc4;\">DISTRIBUIDOR HOMOLOGADO DE PRODUCTOS<\/strong><\/p>\n<p><img loading=\"lazy\" decoding=\"async\" class=\"alignnone size-full wp-image-1330\" src=\"https:\/\/tanteasoluciones.com\/wp-content\/uploads\/2020\/07\/masterbuilders_basf.jpeg\" alt=\"\" width=\"346\" height=\"86\" srcset=\"https:\/\/tanteasoluciones.com\/empresa\/wp-content\/uploads\/2020\/07\/masterbuilders_basf.jpeg 346w, https:\/\/tanteasoluciones.com\/empresa\/wp-content\/uploads\/2020\/07\/masterbuilders_basf-300x75.jpeg 300w\" sizes=\"auto, (max-width: 346px) 100vw, 346px\" \/>[\/vc_column_text][vc_column_text css=\u00bb.vc_custom_1594995738763{margin-bottom: 30px !important;}\u00bb]<b>ARIMESA <\/b>como distribuidor de productos de Basf ofrece \u00a0una completa gama de la marca Master Builders Solution que abarca aditivos para el hormig\u00f3n, aditivos del cemento, soluciones qu\u00edmicas para la construcci\u00f3n subterr\u00e1nea, impermeabilizaci\u00f3n, selladores, reparaci\u00f3n y protecci\u00f3n del hormig\u00f3n, grouts y sistemas de pavimentos.[\/vc_column_text][vc_btn title=\u00bbM\u00e1s informaci\u00f3n detallada sobres nuestras soluciones\u00bb style=\u00bbgradient-custom\u00bb gradient_custom_color_1=\u00bb#2faf28&#8243; gradient_custom_color_2=\u00bb#61d61d\u00bb link=\u00bburl:https%3A%2F%2Fwww.master-builders-solutions.com%2Fes-es%2Fsoluciones||target:%20_blank|\u00bb][\/vc_column][\/vc_row]<\/p>\n<\/div>","protected":false},"excerpt":{"rendered":"<p>[vc_row][vc_column width=\u00bb1\/4&#8243;][vc_single_image image=\u00bb1335&#8243; img_size=\u00bbfull\u00bb][\/vc_column][vc_column width=\u00bb3\/4&#8243;][vc_column_text css=\u00bb.vc_custom_1594986495380{margin-bottom: 30px !important;}\u00bb]DISTRIBUIDOR HOMOLOGADO DE PRODUCTOS [\/vc_column_text][vc_column_text css=\u00bb.vc_custom_1594995738763{margin-bottom: 30px !important;}\u00bb]ARIMESA como distribuidor de productos de Basf ofrece \u00a0una completa gama de la marca Master Builders Solution que abarca aditivos para el hormig\u00f3n, aditivos del cemento,&#8230;<\/p>\n","protected":false},"author":1,"featured_media":0,"parent":0,"menu_order":0,"comment_status":"open","ping_status":"closed","template":"","meta":{"footnotes":""},"class_list":["post-1329","page","type-page","status-publish","hentry"],"_links":{"self":[{"href":"https:\/\/tanteasoluciones.com\/empresa\/wp-json\/wp\/v2\/pages\/1329","targetHints":{"allow":["GET"]}}],"collection":[{"href":"https:\/\/tanteasoluciones.com\/empresa\/wp-json\/wp\/v2\/pages"}],"about":[{"href":"https:\/\/tanteasoluciones.com\/empresa\/wp-json\/wp\/v2\/types\/page"}],"author":[{"embeddable":true,"href":"https:\/\/tanteasoluciones.com\/empresa\/wp-json\/wp\/v2\/users\/1"}],"replies":[{"embeddable":true,"href":"https:\/\/tanteasoluciones.com\/empresa\/wp-json\/wp\/v2\/comments?post=1329"}],"version-history":[{"count":7,"href":"https:\/\/tanteasoluciones.com\/empresa\/wp-json\/wp\/v2\/pages\/1329\/revisions"}],"predecessor-version":[{"id":1339,"href":"https:\/\/tanteasoluciones.com\/empresa\/wp-json\/wp\/v2\/pages\/1329\/revisions\/1339"}],"wp:attachment":[{"href":"https:\/\/tanteasoluciones.com\/empresa\/wp-json\/wp\/v2\/media?parent=1329"}],"curies":[{"name":"wp","href":"https:\/\/api.w.org\/{rel}","templated":true}]}}