{"id":1357,"date":"2020-10-06T16:02:51","date_gmt":"2020-10-06T16:02:51","guid":{"rendered":"https:\/\/tanteasoluciones.com\/?page_id=1357"},"modified":"2020-10-06T16:36:05","modified_gmt":"2020-10-06T16:36:05","slug":"quiere-vender-con-nosotros","status":"publish","type":"page","link":"https:\/\/tanteasoluciones.com\/empresa\/quiere-vender-con-nosotros","title":{"rendered":"Quiere vender con nosotros"},"content":{"rendered":"<div class=\"wpb-content-wrapper\"><p>[vc_row full_width=\u00bbstretch_row_content_no_spaces\u00bb has_content=\u00bbfalse\u00bb css=\u00bb.vc_custom_1436443742744{margin-bottom: 60px !important;}\u00bb][vc_column][vc_single_image image=\u00bb1367&#8243; img_size=\u00bbfull\u00bb][\/vc_column][\/vc_row][vc_row css=\u00bb.vc_custom_1436444292332{padding-bottom: 20px !important;}\u00bb][vc_column width=\u00bb1\/4&#8243;]<h4 class='heading-content  style-1' ><span>UBICACI\u00d3N<\/span><\/h4>[vc_empty_space height=\u00bb15px\u00bb][vc_column_text]<strong style=\"color: #727272;\">Tantea Soluciones<\/strong><br \/>\nAvda. Primo de Rivera, n\u00ba 12 Entlo &#8211; 30008 Murcia<\/p>\n<p>Tel.: +34 968 23 3308<br \/>\nFax: +34 968 34 37 54<br \/>\nE-mail: <a href=\"mailto:tantea@tanteasoluciones.com\">tantea@tanteasoluciones.com<\/a><br \/>\nWeb: <a href=\"https:\/\/tanteasoluciones.com\">tanteasoluciones.com<\/a>[\/vc_column_text][\/vc_column][vc_column width=\u00bb3\/4&#8243;][vc_column_text]<strong style=\"font-size: 18px;\">MAXIBILIZA LA RENTABILIDAD DE TU EMPRESA. Te ayudamos a vender tus productos.\u00a0<\/strong><\/p>\n<p>Desde Tantea Soluciones podemos ayudarte a vender tus productos desde nuestra tienda online.[\/vc_column_text]<h5 class='heading-content  style-1' ><span>Si deseas solicitar informaci\u00f3n puedes comunicarte con nosotros a trav\u00e9s de nuestro formulario de contacto.<\/span><\/h5>[vc_empty_space height=\u00bb15px\u00bb]\n<div class=\"wpcf7 no-js\" id=\"wpcf7-f1360-o1\" lang=\"en-US\" dir=\"ltr\" data-wpcf7-id=\"1360\">\n<div class=\"screen-reader-response\"><p role=\"status\" aria-live=\"polite\" aria-atomic=\"true\"><\/p> <ul><\/ul><\/div>\n<form action=\"\/empresa\/wp-json\/wp\/v2\/pages\/1357#wpcf7-f1360-o1\" method=\"post\" class=\"wpcf7-form init\" aria-label=\"Contact form\" novalidate=\"novalidate\" data-status=\"init\">\n<fieldset class=\"hidden-fields-container\"><input type=\"hidden\" name=\"_wpcf7\" value=\"1360\" \/><input type=\"hidden\" name=\"_wpcf7_version\" value=\"6.1.5\" \/><input type=\"hidden\" name=\"_wpcf7_locale\" value=\"en_US\" \/><input type=\"hidden\" name=\"_wpcf7_unit_tag\" value=\"wpcf7-f1360-o1\" \/><input type=\"hidden\" name=\"_wpcf7_container_post\" value=\"0\" \/><input type=\"hidden\" name=\"_wpcf7_posted_data_hash\" value=\"\" \/>\n<\/fieldset>\n<div class=\"col-sm-5 noleftpadding\">\n\t<p><span class=\"wpcf7-form-control-wrap\" data-name=\"empresa\"><input size=\"40\" maxlength=\"400\" class=\"wpcf7-form-control wpcf7-text wpcf7-validates-as-required\" aria-required=\"true\" aria-invalid=\"false\" placeholder=\"Empresa*\" value=\"\" type=\"text\" name=\"empresa\" \/><\/span>\n\t<\/p>\n\t<p><span class=\"wpcf7-form-control-wrap\" data-name=\"nombre\"><input size=\"40\" maxlength=\"400\" class=\"wpcf7-form-control wpcf7-text wpcf7-validates-as-required\" aria-required=\"true\" aria-invalid=\"false\" placeholder=\"Persona de contacto*\" value=\"\" type=\"text\" name=\"nombre\" \/><\/span>\n\t<\/p>\n\t<p><span class=\"wpcf7-form-control-wrap\" data-name=\"asunto\"><input size=\"40\" maxlength=\"400\" class=\"wpcf7-form-control wpcf7-text\" aria-invalid=\"false\" placeholder=\"Asunto*\" value=\"\" type=\"text\" name=\"asunto\" \/><\/span>\n\t<\/p>\n\t<p><span class=\"wpcf7-form-control-wrap\" data-name=\"tel\"><input size=\"40\" maxlength=\"400\" class=\"wpcf7-form-control wpcf7-text\" aria-invalid=\"false\" placeholder=\"Tel\u00e9fono*\" value=\"\" type=\"text\" name=\"tel\" \/><\/span>\n\t<\/p>\n\t<p><span class=\"wpcf7-form-control-wrap\" data-name=\"email\"><input size=\"40\" maxlength=\"400\" class=\"wpcf7-form-control wpcf7-email wpcf7-validates-as-required wpcf7-text wpcf7-validates-as-email\" aria-required=\"true\" aria-invalid=\"false\" placeholder=\"Email*\" value=\"\" type=\"email\" name=\"email\" \/><\/span>\n\t<\/p>\n<\/div>\n<div class=\"col-sm-7 norightpadding\">\n\t<p><span class=\"wpcf7-form-control-wrap\" data-name=\"mensaje\"><textarea cols=\"25\" rows=\"1\" maxlength=\"2000\" class=\"wpcf7-form-control wpcf7-textarea\" aria-invalid=\"false\" placeholder=\"Tipo de productos a vender*\" name=\"mensaje\"><\/textarea><\/span>\n\t<\/p>\n\t<p><span class=\"wpcf7-form-control-wrap\" data-name=\"proteccion_de_datos\"><span class=\"wpcf7-form-control wpcf7-acceptance\"><span class=\"wpcf7-list-item\"><input type=\"checkbox\" name=\"proteccion_de_datos\" value=\"1\" aria-invalid=\"false\" \/><\/span><\/span><\/span><strong>Solicito su autorizaci\u00f3n para ofrecerle productos y servicios relacionados con los solicitados y fidelizarle como cliente.<\/strong>\n\t<\/p>\n\t<p><span class=\"wpcf7-form-control-wrap\" data-name=\"quiz-191\"><label><span class=\"wpcf7-quiz-label\">2 x 10 =<\/span> <input size=\"40\" class=\"wpcf7-form-control wpcf7-quiz\" autocomplete=\"off\" aria-required=\"true\" aria-invalid=\"false\" type=\"text\" name=\"quiz-191\" \/><\/label><input type=\"hidden\" name=\"_wpcf7_quiz_answer_quiz-191\" value=\"c274515189edb6523079df9328449fc5\" \/><\/span>\n\t<\/p>\n\t<p><input class=\"wpcf7-form-control wpcf7-submit has-spinner\" type=\"submit\" value=\"ENVIAR\" \/>\n\t<\/p>\n<\/div>\n<p><strong>CONDICIONES LEGALES<\/strong><br \/>\nResponsable: Identidad: ARIMESA, \u00c1RIDOS DEL MEDITERR\u00c1NEO, S.A CIF: A-30016182 Dir. Postal: AVDA. PRIMO DE RIVERA N\u00ba12 ENTLO., 30008 MURCIA, Correo electr\u00f3nico: DPO.CLIENTES@FOMENTOFP.ES\n<\/p>\n<p>\u201cLa informaci\u00f3n contenida en este mensaje y\/o archivo(s) adjunto(s), enviada desde ARIMESA. ARIMESA, \u00c1RIDOS DEL MEDITERR\u00c1NEO, S.A., es confidencial\/privilegiada y est\u00e1 destinada a ser le\u00edda s\u00f3lo por la(s) persona(s) a la(s) que va dirigida. Le recordamos que sus datos han sido incorporados en el sistema de tratamiento de ARIMESA. ARIMESA, \u00c1RIDOS DEL MEDITERR\u00c1NEO, S.A y que siempre y cuando se cumplan los requisitos exigidos, usted tiene derecho de acceso, rectificaci\u00f3n, limitaci\u00f3n de tratamiento, supresi\u00f3n, portabilidad y oposici\u00f3n\/revocaci\u00f3n en los t\u00e9rminos que establece la normativa vigente en materia de protecci\u00f3n de datos, dirigiendo su petici\u00f3n a la direcci\u00f3n postal: AVDA. PRIMO DE RIVERA N\u00ba12 ENTLO., 30008 MURCIA o bien a trav\u00e9s de correo electr\u00f3nico: DPO.CLIENTES@FOMENTOFP.ES.\n<\/p><div class=\"wpcf7-response-output\" aria-hidden=\"true\"><\/div>\n<\/form>\n<\/div>\n[\/vc_column][\/vc_row][vc_row css=\u00bb.vc_custom_1418807519392{margin-top: 20px !important;}\u00bb has_content=\u00bbtrue\u00bb][vc_column][\/vc_column][\/vc_row]<\/p>\n<\/div>","protected":false},"excerpt":{"rendered":"<p>[vc_row full_width=\u00bbstretch_row_content_no_spaces\u00bb has_content=\u00bbfalse\u00bb css=\u00bb.vc_custom_1436443742744{margin-bottom: 60px !important;}\u00bb][vc_column][vc_single_image image=\u00bb1367&#8243; img_size=\u00bbfull\u00bb][\/vc_column][\/vc_row][vc_row css=\u00bb.vc_custom_1436444292332{padding-bottom: 20px !important;}\u00bb][vc_column width=\u00bb1\/4&#8243;][vc_empty_space height=\u00bb15px\u00bb][vc_column_text]Tantea Soluciones Avda. Primo de Rivera, n\u00ba 12 Entlo &#8211; 30008 Murcia Tel.: +34 968 23 3308 Fax: +34 968 34 37 54 E-mail: tantea@tanteasoluciones.com Web: tanteasoluciones.com[\/vc_column_text][\/vc_column][vc_column width=\u00bb3\/4&#8243;][vc_column_text]MAXIBILIZA&#8230;<\/p>\n","protected":false},"author":1,"featured_media":0,"parent":0,"menu_order":0,"comment_status":"open","ping_status":"closed","template":"","meta":{"footnotes":""},"class_list":["post-1357","page","type-page","status-publish","hentry"],"_links":{"self":[{"href":"https:\/\/tanteasoluciones.com\/empresa\/wp-json\/wp\/v2\/pages\/1357","targetHints":{"allow":["GET"]}}],"collection":[{"href":"https:\/\/tanteasoluciones.com\/empresa\/wp-json\/wp\/v2\/pages"}],"about":[{"href":"https:\/\/tanteasoluciones.com\/empresa\/wp-json\/wp\/v2\/types\/page"}],"author":[{"embeddable":true,"href":"https:\/\/tanteasoluciones.com\/empresa\/wp-json\/wp\/v2\/users\/1"}],"replies":[{"embeddable":true,"href":"https:\/\/tanteasoluciones.com\/empresa\/wp-json\/wp\/v2\/comments?post=1357"}],"version-history":[{"count":8,"href":"https:\/\/tanteasoluciones.com\/empresa\/wp-json\/wp\/v2\/pages\/1357\/revisions"}],"predecessor-version":[{"id":1369,"href":"https:\/\/tanteasoluciones.com\/empresa\/wp-json\/wp\/v2\/pages\/1357\/revisions\/1369"}],"wp:attachment":[{"href":"https:\/\/tanteasoluciones.com\/empresa\/wp-json\/wp\/v2\/media?parent=1357"}],"curies":[{"name":"wp","href":"https:\/\/api.w.org\/{rel}","templated":true}]}}