{"id":5,"date":"2014-11-11T11:09:47","date_gmt":"2014-11-11T11:09:47","guid":{"rendered":"http:\/\/anpsthemes.com\/constructo\/?page_id=5"},"modified":"2020-06-26T18:59:55","modified_gmt":"2020-06-26T18:59:55","slug":"home","status":"publish","type":"page","link":"https:\/\/tanteasoluciones.com\/empresa\/","title":{"rendered":"Home"},"content":{"rendered":"<div class=\"wpb-content-wrapper\"><p>[vc_row][vc_column]\n\t\t\t<!-- START main slider REVOLUTION SLIDER 6.7.27 --><p class=\"rs-p-wp-fix\"><\/p>\n\t\t\t<rs-module-wrap id=\"rev_slider_1_1_wrapper\" data-source=\"gallery\" style=\"visibility:hidden;background:#E9E9E9;padding:0;margin:0px auto;margin-top:0;margin-bottom:0;\">\n\t\t\t\t<rs-module id=\"rev_slider_1_1\" style=\"\" data-version=\"6.7.27\">\n\t\t\t\t\t<rs-slides style=\"overflow: hidden; position: absolute;\">\n\t\t\t\t\t\t<rs-slide style=\"position: absolute;\" data-key=\"rs-5\" data-title=\"Slide\" data-anim=\"ms:400;r:0;\" data-in=\"x:-100%;\">\n\t\t\t\t\t\t\t<img decoding=\"async\" src=\"\/\/tanteasoluciones.com\/empresa\/wp-content\/plugins\/Slider Revolution v6.7.27\/sr6\/assets\/assets\/dummy.png\" alt=\"\" title=\"slider_9\" width=\"2000\" height=\"837\" class=\"rev-slidebg tp-rs-img rs-lazyload\" data-lazyload=\"\/\/tanteasoluciones.com\/empresa\/wp-content\/uploads\/2020\/07\/slider_9.jpg\" data-bg=\"p:center top;\" data-no-retina>\n<!--\n\t\t\t\t\t\t\t--><a\n\t\t\t\t\t\t\t\tid=\"slider-1-slide-5-layer-13\" \n\t\t\t\t\t\t\t\tclass=\"rs-layer\"\n\t\t\t\t\t\t\t\thref=\"http:\/\/arimesa.com\/empresa\/\" target=\"_self\" rel=\"nofollow\"\n\t\t\t\t\t\t\t\tdata-type=\"shape\"\n\t\t\t\t\t\t\t\tdata-rsp_ch=\"on\"\n\t\t\t\t\t\t\t\tdata-xy=\"xo:1134px,992px,753px,464px;yo:12px,10px,7px,4px;\"\n\t\t\t\t\t\t\t\tdata-text=\"w:normal;\"\n\t\t\t\t\t\t\t\tdata-dim=\"w:323px,282px,214px,132px;h:797px,697px,529px,326px;\"\n\t\t\t\t\t\t\t\tdata-frame_999=\"o:0;st:w;\"\n\t\t\t\t\t\t\t\tstyle=\"z-index:17;background-color:rgba(0,0,0,0);\"\n\t\t\t\t\t\t\t> \n\t\t\t\t\t\t\t<\/a><!--\n\n\t\t\t\t\t\t\t--><a\n\t\t\t\t\t\t\t\tid=\"slider-1-slide-5-layer-14\" \n\t\t\t\t\t\t\t\tclass=\"rs-layer\"\n\t\t\t\t\t\t\t\thref=\"https:\/\/tanteasoluciones.com\/empresa\/desinfeccion\" target=\"_self\" rel=\"nofollow\"\n\t\t\t\t\t\t\t\tdata-type=\"shape\"\n\t\t\t\t\t\t\t\tdata-rsp_ch=\"on\"\n\t\t\t\t\t\t\t\tdata-xy=\"xo:-247px,-216px,-164px,-101px;yo:-2px,-1px,0,0;\"\n\t\t\t\t\t\t\t\tdata-text=\"w:normal;\"\n\t\t\t\t\t\t\t\tdata-dim=\"w:262px,229px,173px,106px;h:797px,697px,529px,326px;\"\n\t\t\t\t\t\t\t\tdata-frame_999=\"o:0;st:w;\"\n\t\t\t\t\t\t\t\tstyle=\"z-index:13;background-color:rgba(0,0,0,0);\"\n\t\t\t\t\t\t\t> \n\t\t\t\t\t\t\t<\/a><!--\n\n\t\t\t\t\t\t\t--><a\n\t\t\t\t\t\t\t\tid=\"slider-1-slide-5-layer-15\" \n\t\t\t\t\t\t\t\tclass=\"rs-layer\"\n\t\t\t\t\t\t\t\thref=\"https:\/\/tanteasoluciones.com\/empresa\/proteccion-personal\" target=\"_self\" rel=\"nofollow\"\n\t\t\t\t\t\t\t\tdata-type=\"shape\"\n\t\t\t\t\t\t\t\tdata-rsp_ch=\"on\"\n\t\t\t\t\t\t\t\tdata-xy=\"xo:61px,53px,40px,24px;yo:6px,5px,3px,1px;\"\n\t\t\t\t\t\t\t\tdata-text=\"w:normal;\"\n\t\t\t\t\t\t\t\tdata-dim=\"w:311px,272px,206px,127px;h:797px,697px,529px,326px;\"\n\t\t\t\t\t\t\t\tdata-frame_999=\"o:0;st:w;\"\n\t\t\t\t\t\t\t\tstyle=\"z-index:14;background-color:rgba(0,0,0,0);\"\n\t\t\t\t\t\t\t> \n\t\t\t\t\t\t\t<\/a><!--\n\n\t\t\t\t\t\t\t--><a\n\t\t\t\t\t\t\t\tid=\"slider-1-slide-5-layer-16\" \n\t\t\t\t\t\t\t\tclass=\"rs-layer\"\n\t\t\t\t\t\t\t\thref=\"https:\/\/tanteasoluciones.com\/empresa\/ecoabsorb\" target=\"_self\" rel=\"nofollow\"\n\t\t\t\t\t\t\t\tdata-type=\"shape\"\n\t\t\t\t\t\t\t\tdata-rsp_ch=\"on\"\n\t\t\t\t\t\t\t\tdata-xy=\"xo:429px,375px,284px,175px;yo:7px,6px,4px,2px;\"\n\t\t\t\t\t\t\t\tdata-text=\"w:normal;\"\n\t\t\t\t\t\t\t\tdata-dim=\"w:328px,287px,218px,134px;h:797px,697px,529px,326px;\"\n\t\t\t\t\t\t\t\tdata-frame_999=\"o:0;st:w;\"\n\t\t\t\t\t\t\t\tstyle=\"z-index:15;background-color:rgba(0,0,0,0);\"\n\t\t\t\t\t\t\t> \n\t\t\t\t\t\t\t<\/a><!--\n\n\t\t\t\t\t\t\t--><a\n\t\t\t\t\t\t\t\tid=\"slider-1-slide-5-layer-17\" \n\t\t\t\t\t\t\t\tclass=\"rs-layer\"\n\t\t\t\t\t\t\t\thref=\"https:\/\/tanteasoluciones.com\/empresa\/arimesa\" target=\"_self\" rel=\"nofollow\"\n\t\t\t\t\t\t\t\tdata-type=\"shape\"\n\t\t\t\t\t\t\t\tdata-rsp_ch=\"on\"\n\t\t\t\t\t\t\t\tdata-xy=\"xo:775px,678px,515px,317px;yo:8px,7px,5px,3px;\"\n\t\t\t\t\t\t\t\tdata-text=\"w:normal;\"\n\t\t\t\t\t\t\t\tdata-dim=\"w:323px,282px,214px,132px;h:797px,697px,529px,326px;\"\n\t\t\t\t\t\t\t\tdata-frame_999=\"o:0;st:w;\"\n\t\t\t\t\t\t\t\tstyle=\"z-index:16;background-color:rgba(0,0,0,0);\"\n\t\t\t\t\t\t\t> \n\t\t\t\t\t\t\t<\/a><!--\n-->\t\t\t\t\t<\/rs-slide>\n\t\t\t\t\t<\/rs-slides>\n\t\t\t\t\t<rs-static-layers><!--\n\t\t\t\t\t--><\/rs-static-layers>\n\t\t\t\t<\/rs-module>\n\t\t\t\t<script>\n\t\t\t\t\tsetREVStartSize({c: 'rev_slider_1_1',rl:[1240,1024,778,480],el:[750,751,500,500],gw:[1170,1024,778,480],gh:[750,750,500,500],type:'standard',justify:'',layout:'fullwidth',mh:\"550\"});if (window.RS_MODULES!==undefined && window.RS_MODULES.modules!==undefined && window.RS_MODULES.modules[\"revslider11\"]!==undefined) {window.RS_MODULES.modules[\"revslider11\"].once = false;window.revapi1 = undefined;if (window.RS_MODULES.checkMinimal!==undefined) window.RS_MODULES.checkMinimal()}\n\t\t\t\t<\/script>\n\t\t\t<\/rs-module-wrap>\n\t\t\t<!-- END REVOLUTION SLIDER -->\n[\/vc_column][\/vc_row][vc_row css=\u00bb.vc_custom_1593197112079{margin-top: 50px !important;margin-bottom: 0px !important;}\u00bb][vc_column width=\u00bb1\/3&#8243;][vc_row_inner][vc_column_inner][vc_single_image image=\u00bb1216&#8243; img_size=\u00bbfull\u00bb][\/vc_column_inner][\/vc_row_inner][vc_row_inner css=\u00bb.vc_custom_1436442814594{margin-top: -34px !important;}\u00bb][vc_column_inner]<h5 class='heading-left  style-1' ><span>OS PRESENTAMOS ECOLIMBACT<\/span><\/h5>[vc_column_text]UN DESINFECTANTE MUY EFICAZ[\/vc_column_text][vc_empty_space height=\u00bb20px\u00bb][vc_column_text]La presentaci\u00f3n es en pastillas que se diluyen en agua, con un alto rendimiento y un resultado muy econ\u00f3mico.<\/p>\n<p>Con una sola pastilla disuelta en 5 litros podemos fregar o rellenar pulverizadores o mochilas de fumigaci\u00f3n.[\/vc_column_text][\/vc_column_inner][\/vc_row_inner][\/vc_column][vc_column width=\u00bb1\/3&#8243;][vc_row_inner][vc_column_inner][vc_single_image image=\u00bb1217&#8243; img_size=\u00bbfull\u00bb][\/vc_column_inner][\/vc_row_inner][vc_row_inner css=\u00bb.vc_custom_1436442826040{margin-top: -34px !important;}\u00bb][vc_column_inner]<h5 class='heading-left  style-1' ><span>CLEANPILL<\/span><\/h5>[vc_column_text]DESINFECCI\u00d3N 100% EFICAZ[\/vc_column_text][vc_empty_space height=\u00bb20px\u00bb][vc_column_text]PASTILLAS DESINFECTANTES VIRUCIDAS PARA ELIMINAR EL COVID-19 EN TRES PASOS<\/p>\n<p>15 veces m\u00e1s barato que la lej\u00eda y m\u00e1s efectivo.\u00a0Probado en laboratorio: acaba con virus y bacterias.\u00a0Disuelve en agua y desinfecta en profundidad.[\/vc_column_text][\/vc_column_inner][\/vc_row_inner][\/vc_column][vc_column width=\u00bb1\/3&#8243;][vc_row_inner][vc_column_inner][vc_single_image image=\u00bb1219&#8243; img_size=\u00bbfull\u00bb][\/vc_column_inner][\/vc_row_inner][vc_row_inner][vc_column_inner]<h5 class='heading-left  style-1' ><span>PROTECCI\u00d3N PERSONAL<\/span><\/h5>[\/vc_column_inner][\/vc_row_inner][vc_column_text]NOS PROTEGEMOS ANTE EL COVID-19[\/vc_column_text][vc_empty_space height=\u00bb20px\u00bb][vc_column_text]Estas mascarillas puede utilizarse diariamente soportando hasta 30 lavados manteniendo su eficacia.<\/p>\n<p>Con cada mascarilla puedes protegerte a ti o a los tuyos durante un mes entero.[\/vc_column_text][\/vc_column][\/vc_row]<\/p>\n<\/div>","protected":false},"excerpt":{"rendered":"<p>[vc_row][vc_column][\/vc_column][\/vc_row][vc_row css=\u00bb.vc_custom_1593197112079{margin-top: 50px !important;margin-bottom: 0px !important;}\u00bb][vc_column width=\u00bb1\/3&#8243;][vc_row_inner][vc_column_inner][vc_single_image image=\u00bb1216&#8243; img_size=\u00bbfull\u00bb][\/vc_column_inner][\/vc_row_inner][vc_row_inner css=\u00bb.vc_custom_1436442814594{margin-top: -34px !important;}\u00bb][vc_column_inner][vc_column_text]UN DESINFECTANTE MUY EFICAZ[\/vc_column_text][vc_empty_space height=\u00bb20px\u00bb][vc_column_text]La presentaci\u00f3n es en pastillas que se diluyen en agua, con un alto rendimiento y un resultado muy econ\u00f3mico. Con una sola pastilla disuelta en&#8230;<\/p>\n","protected":false},"author":1,"featured_media":0,"parent":0,"menu_order":0,"comment_status":"open","ping_status":"closed","template":"","meta":{"footnotes":""},"class_list":["post-5","page","type-page","status-publish","hentry"],"_links":{"self":[{"href":"https:\/\/tanteasoluciones.com\/empresa\/wp-json\/wp\/v2\/pages\/5","targetHints":{"allow":["GET"]}}],"collection":[{"href":"https:\/\/tanteasoluciones.com\/empresa\/wp-json\/wp\/v2\/pages"}],"about":[{"href":"https:\/\/tanteasoluciones.com\/empresa\/wp-json\/wp\/v2\/types\/page"}],"author":[{"embeddable":true,"href":"https:\/\/tanteasoluciones.com\/empresa\/wp-json\/wp\/v2\/users\/1"}],"replies":[{"embeddable":true,"href":"https:\/\/tanteasoluciones.com\/empresa\/wp-json\/wp\/v2\/comments?post=5"}],"version-history":[{"count":25,"href":"https:\/\/tanteasoluciones.com\/empresa\/wp-json\/wp\/v2\/pages\/5\/revisions"}],"predecessor-version":[{"id":1220,"href":"https:\/\/tanteasoluciones.com\/empresa\/wp-json\/wp\/v2\/pages\/5\/revisions\/1220"}],"wp:attachment":[{"href":"https:\/\/tanteasoluciones.com\/empresa\/wp-json\/wp\/v2\/media?parent=5"}],"curies":[{"name":"wp","href":"https:\/\/api.w.org\/{rel}","templated":true}]}}