{"id":873,"date":"2020-05-28T13:44:13","date_gmt":"2020-05-28T13:44:13","guid":{"rendered":"https:\/\/tanteasoluciones.com\/?page_id=873"},"modified":"2020-10-26T19:03:36","modified_gmt":"2020-10-26T19:03:36","slug":"aviso-legal","status":"publish","type":"page","link":"https:\/\/tanteasoluciones.com\/empresa\/aviso-legal","title":{"rendered":"Aviso Legal"},"content":{"rendered":"<div class=\"wpb-content-wrapper\"><p>[vc_row][vc_column][vc_column_text]<\/p>\n<h1 style=\"text-align: center;\">Aviso legal-Pol\u00edtica de privacidad y condiciones de uso<\/h1>\n<p>&nbsp;<\/p>\n<p class=\"Estilo1\"><strong>TANTEA<\/strong> es una marca de <strong>ARIMESA ARIDOS DEL MEDITERR\u00c1NEO, S.A.<\/strong><\/p>\n<p class=\"Estilo1\">De conformidad con lo establecido en la normativa vigente en Protecci\u00f3n de Datos de Car\u00e1cter Personal, le informamos que sus datos ser\u00e1n incorporados al sistema de tratamiento titularidad de ARIMESA. <strong>ARIMESA ARIDOS DEL MEDITERR\u00c1NEO<\/strong><strong>, S.A<\/strong> con CIF: A-30016182 y domicilio social sito en AVDA. PRIMO DE RIVERA N\u00ba12 ENTLO., 30008 MURCIA con la finalidad de poder atender los compromisos derivados de la relaci\u00f3n que mantenemos con usted. En cumplimiento con la normativa vigente, ARIMESA.<strong>ARIMESA ARIDOS DEL MEDITERR\u00c1NEO<\/strong><strong>, S.A<\/strong> informa que los datos ser\u00e1n conservados durante el plazo estrictamente necesario para cumplir con los preceptos antes mencionados. ARIMESA. <strong>ARIMESA ARIDOS DEL MEDITERR\u00c1NEO<\/strong><strong>, S.A<\/strong> informa que proceder\u00e1 a tratar los datos de manera l\u00edcita, leal, transparente, adecuada, pertinente, limitada, exacta y actualizada. Es por ello que ARIMESA. <strong>ARIMESA ARIDOS DEL MEDITERR\u00c1NEO<\/strong><strong>, S.A<\/strong> se compromete a adoptar todas las medidas razonables para que estos se supriman o rectifiquen sin dilaci\u00f3n cuando sean inexactos. De acuerdo con los derechos que le confiere el la normativa vigente en protecci\u00f3n de datos podr\u00e1 ejercer los derechos de acceso, rectificaci\u00f3n, limitaci\u00f3n de tratamiento, supresi\u00f3n, portabilidad y oposici\u00f3n al tratamiento de sus datos de car\u00e1cter personal as\u00ed como del consentimiento prestado para el tratamiento de los mismos, dirigiendo su petici\u00f3n a la direcci\u00f3n postal indicada m\u00e1s arriba o al correo electr\u00f3nico: <span class=\"linkrojo\"><a href=\"mailto:tantea@tanteasoluciones.com\">tantea@tanteasoluciones.com<\/a>.<\/span><\/p>\n<p class=\"Estilo1\">De conformidad con lo establecido en la normativa vigente en Protecci\u00f3n de Datos de Car\u00e1cter Personal, le informamos que sus datos ser\u00e1n incorporados al sistema de tratamiento titularidad de ARIMESA. <strong>ARIMESA ARIDOS DEL MEDITERR\u00c1NEO<\/strong><strong>, S.A<\/strong>, con la finalidad de atender sus consultas y remitirle informaci\u00f3n relacionada que pueda ser de su inter\u00e9s.<\/p>\n<p class=\"Estilo1\">En cumplimiento con la normativa vigente, ARIMESA. <strong>ARIMESA ARIDOS DEL MEDITERR\u00c1NEO<\/strong><strong>, S.A<\/strong>\u00a0informa que los datos ser\u00e1n conservados durante el plazo estrictamente necesario para cumplir con los preceptos mencionados con anterioridad.<\/p>\n<p class=\"Estilo1\">Mientras no nos comunique lo contrario, entenderemos que sus datos no han sido modificados, que usted se compromete a notificarnos cualquier variaci\u00f3n y que tenemos su consentimiento para utilizarlos para las finalidades mencionadas. De acuerdo con los derechos que le confiere la normativa vigente en protecci\u00f3n de datos podr\u00e1 ejercer los derechos de acceso, rectificaci\u00f3n, limitaci\u00f3n de tratamiento, supresi\u00f3n, portabilidad y oposici\u00f3n al tratamiento de sus datos de car\u00e1cter personal as\u00ed como del consentimiento prestado para el tratamiento de los mismos, dirigiendo su petici\u00f3n a la direcci\u00f3n postal indicada m\u00e1s arriba o al correo electr\u00f3nico: <span class=\"linkrojo\"><a href=\"mailto:arimesa@tanteasoluciones.com\">tantea@tanteasoluciones.com <\/a><\/span><\/p>\n<p class=\"Estilo1\">Asimismo y de acuerdo con lo establecido en la Ley 34\/2002, de 11 de julio, de Servicios de la Sociedad de la Informaci\u00f3n y de Comercio Electr\u00f3nico, en su art\u00edculo 21, solicitamos tambi\u00e9n su consentimiento expreso para enviarle publicidad de nuestros productos o promociones que consideremos puedan ser de su inter\u00e9s, por correo electr\u00f3nico o por cualquier otro medio de comunicaci\u00f3n electr\u00f3nica equivalente.<\/p>\n<p class=\"Estilo1\">ARIMESA. <strong>ARIMESA ARIDOS DEL MEDITERR\u00c1NEO<\/strong><strong>, S.A<\/strong>. ha nombrado como su Delegado de Protecci\u00f3n de Datos a FOMENTO DE FORMACION Y PROTECCION SL, con domicilio en Calle Espronceda 4, A.P. de Correos 26, 30840 Alhama de Murcia, (Murcia), con correo electr\u00f3nico de contacto: DPO.CLIENTES@FOMENTOFP.ES y tel\u00e9fono 968045425.<\/p>\n<p class=\"Estilo1\">En este sentido, en todo momento dispondr\u00e1\u0301 del derecho a revocar el consentimiento prestado mediante la presente clausula. Podr\u00e1 dirigirse a la Autoridad de Control competente para presentar la reclamaci\u00f3n que considere oportuna.<\/p>\n<p class=\"Estilo1\"><strong>A. Uso correcto de la p\u00e1gina web.<\/strong><br \/>\nEl usuario se compromete a utilizar el sitio web y sus los contenidos de conformidad con la ley, las presentes condiciones, las buenas costumbres y orden p\u00fablico. De la misma forma el usuario se obliga a no utilizar el sitio web con fines o efectos il\u00edcitos, contrarios al contenido de estas condiciones generales, lesivos de los derechos e intereses de ARIMESA. <strong>ARIMESA DEL MEDITERR\u00c1NEO, S.A<\/strong>, o de terceros, o que de cualquier forma puedan da\u00f1ar, inutilizar, sobrecargar o deteriorar el sitio web o los servicios o impedir la normal utilizaci\u00f3n o disfrute del sitio web por otros usuarios.<\/p>\n<p class=\"Estilo1\">El usuario deber\u00e1 abstenerse de obtener informaciones, mensajes, gr\u00e1ficos, dibujos, archivos de sonido y\/o imagen, fotograf\u00edas, grabaciones, software y, en general, cualquier clase de material accesible a trav\u00e9s del sitio web, empleando para ello medios distintos de los que se hayan puesto a su disposici\u00f3n, o en general, de los que se empleen habitualmente en Internet.<br \/>\nEl usuario deber\u00e1 abstenerse de manipular datos identificativos de ARIMESA. <strong>ARIMESA DEL MEDITERR\u00c1NEO, S.A<\/strong>, o servicios del espacio web El usuario deber\u00e1 abstenerse de manipular los dispositivos t\u00e9cnicos de protecci\u00f3n de contenidos o de informaci\u00f3n, y en general de configuraci\u00f3n del espacio web \u2013\u201cwww.arimesa.com\u201d se reserva el derecho a denegar o retirar el acceso a la p\u00e1gina web \u201cwww.arimesa.com\u201d , en cualquier momento y sin necesidad de preaviso a aquellos usuarios que incumplan estas condiciones generales.<\/p>\n<p class=\"Estilo1\"><strong>B. Limitaci\u00f3n de Garant\u00edas y Responsabilidades:<\/strong><br \/>\nARIMESA. <strong>ARIMESA ARIDOS DEL MEDITERR\u00c1NEO<\/strong><strong>, S.A<\/strong> no controla ni garantiza la ausencia de virus ni de otros elementos en los contenidos que puedan producir alteraciones en su sistema inform\u00e1tico (software y hardware) o en los documentos electr\u00f3nicos y ficheros almacenados en su sistema inform\u00e1tico. ARIMESA. <strong>ARIMESA ARIDOS DEL MEDITERR\u00c1NEO<\/strong><strong>, S.A<\/strong>, excluye cualquier responsabilidad por los da\u00f1os y perjuicios de toda naturaleza que puedan deberse a la presencia de virus o a la presencia de otros elementos en los contenidos que puedan producir alteraciones en su sistema inform\u00e1tico, Documentos electr\u00f3nicos o ficheros de los usuarios. ARIMESA. <strong>ARIMESA ARIDOS DEL MEDITERR\u00c1NEO<\/strong><strong>, S.A<\/strong> har\u00e1 lo posible para garantizar la seguridad de la informaci\u00f3n que sea facilitada por los usuarios.<\/p>\n<p class=\"Estilo1\">No obstante, y debido a que en las comunicaciones a trav\u00e9s de Internet intervienen m\u00faltiples factores y buena parte de ellos fuera del control ARIMESA. <strong>ARIMESA ARIDOS DEL MEDITERR\u00c1NEO<\/strong><strong>, S.A<\/strong> (entre otros la propia configuraci\u00f3n inform\u00e1tica del usuario, la seguridad aplicada a las redes p\u00fablicas de telecomunicaciones, etc.,), ARIMESA. <strong>ARIMESA ARIDOS DEL MEDITERR\u00c1NEO<\/strong><strong>, S.A<\/strong> no puede garantizar que las transmisiones de informaci\u00f3n sean totalmente seguras. ARIMESA. <strong>ARIMESA ARIDOS DEL MEDITERR\u00c1NEO<\/strong><strong>, S.A<\/strong> excluye cualquier responsabilidad por los da\u00f1os y perjuicios de toda naturaleza que puedan deberse a la falta de veracidad, exactitud, exhaustividad y\/o actualidad de los contenidos del sitio web: \u201cwww.arimesa.com\u201d salvo los que le sean directamente imputables.<\/p>\n<p class=\"Estilo1\">ARIMESA. <strong>ARIMESA ARIDOS DEL MEDITERR\u00c1NEO<\/strong><strong>, S.A<\/strong> no garantiza la inexistencia de errores en el acceso a su web, ni en su contenido ni que el mismo se encuentre actualizado, aunque desarrollar\u00e1 sus mejores esfuerzos para, en su caso, evitarlos, subsanarlos, o actualizar dicho contenido.<\/p>\n<p class=\"Estilo1\"><strong>C. Derechos de autor, propiedad intelectual e industrial:<\/strong><br \/>\nTodos los contenidos del sitio web \u201cwww.arimesa.com\u201d, son de propiedad exclusiva y mundial de ARIMESA. <strong>ARIMESA ARIDOS DEL MEDITERR\u00c1NEO<\/strong><strong>, S.A<\/strong> incluyendo, sin limitaci\u00f3n, dise\u00f1o gr\u00e1fico, logos, im\u00e1genes, textos, ilustraciones, fotograf\u00edas, audiovisuales, marcas y otros signos distintivos, en cualquiera de los lenguajes de programaci\u00f3n utilizados o utilizables, as\u00ed como todo el software de funcionamiento y desarrollo del sitio web. La reproducci\u00f3n, distribuci\u00f3n, comunicaci\u00f3n al p\u00fablico, cesi\u00f3n y cualquier otro acto o modalidad de explotaci\u00f3n que no haya sido expresamente autorizado por ARIMESA. <strong>ARIMESA ARIDOS DEL MEDITERR\u00c1NEO<\/strong><strong>, S.A<\/strong> quedan expresamente prohibidos. ARIMESA. <strong>ARIMESA ARIDOS DEL MEDITERR\u00c1NEO<\/strong><strong>, S.A<\/strong> no concede ninguna licencia o autorizaci\u00f3n de uso de ninguna clase sobre sus derechos de propiedad intelectual e industrial o sobre cualquier otra propiedad o derecho relacionado con la p\u00e1gina web.<\/p>\n<p class=\"Estilo1\">El acceso de los usuarios de Internet a esta Web en ninguna medida les otorga derecho alguno a usar o explotar en cualquier forma dichos derechos de propiedad industrial e industrial. Cualquier infracci\u00f3n o lesi\u00f3n que se produzca en este sentido, dar\u00e1 lugar a las responsabilidades legalmente establecidas, pudiendo ser perseguida por ARIMESA. <strong>ARIMESA ARIDOS DEL MEDITERR\u00c1NEO<\/strong><strong>, S.A<\/strong> mediante el ejercicio de las acciones administrativas, civiles o penales que, en su caso, correspondan.<\/p>\n<p class=\"Estilo1\"><strong>D. Links:<\/strong><br \/>\nEl sitio web pone a menudo a disposici\u00f3n del usuario dispositivos t\u00e9cnicos de enlace (links, banners o botones), directorios y herramientas de b\u00fasqueda que permiten a los usuarios acceder a sitios web pertenecientes y\/o gestionados por terceros.<\/p>\n<p class=\"Estilo1\">ARIMESA. <strong>ARIMESA ARIDOS DEL MEDITERR\u00c1NEO<\/strong><strong>, S.A<\/strong> no ofrece ni comercializa por s\u00ed ni por medio de tercero los servicios disponibles en los sitios enlazados, ni controla, ejerce vigilancia o aprueba los servicios, contenidos, informaci\u00f3n, datos, archivos, y cualquier otra clase de material en esos sitios enlazados.<br \/>\nPor consiguiente, ARIMESA. <strong>ARIMESA ARIDOS DEL MEDITERR\u00c1NEO<\/strong><strong>, S.A<\/strong> declina cualquier responsabilidad respecto a la informaci\u00f3n que se halle fuera de este sitio web y no gestionado por \u201cwww.arimesa.com\u201d. La funci\u00f3n de los links que aparecen es exclusivamente la de informar al usuarios obre la existencia de otras fuentes de informaci\u00f3n sobre la materia en Internet. Dichos links no suponen una sugerencia, invitaci\u00f3n o recomendaci\u00f3n para la visita de los lugares de destino, y por ello, ARIMESA. <strong>ARIMESA ARIDOS DEL MEDITERR\u00c1NEO<\/strong><strong>, S.A<\/strong>, no ser\u00e1 responsable del resultado obtenido a trav\u00e9s de dichos enlaces hipertextuales.<\/p>\n<p class=\"Estilo1\"><strong>E. Modificaciones de las condiciones del servicio.<\/strong><br \/>\nARIMESA. <strong>ARIMESA ARIDOS DEL MEDITERR\u00c1NEO<\/strong><strong>, S.A<\/strong> se reserva el derecho a modificar los t\u00e9rminos, condiciones y comunicaciones con base a los cuales ofrece sus servicios.<br \/>\nARIMESA. <strong>ARIMESA ARIDOS DEL MEDITERR\u00c1NEO<\/strong><strong>, S.A<\/strong> se reserva la facultad de efectuar en todo momento y sin necesidad de previo aviso, modificaciones y actualizaciones de la informaci\u00f3n contenida en su web o en la configuraci\u00f3n y presentaci\u00f3n de \u00e9sta.<\/p>\n<p>[\/vc_column_text][\/vc_column][\/vc_row]<\/p>\n<\/div>","protected":false},"excerpt":{"rendered":"<p>[vc_row][vc_column][vc_column_text] Aviso legal-Pol\u00edtica de privacidad y condiciones de uso &nbsp; TANTEA es una marca de ARIMESA ARIDOS DEL MEDITERR\u00c1NEO, S.A. De conformidad con lo establecido en la normativa vigente en Protecci\u00f3n de Datos de Car\u00e1cter Personal, le informamos que sus&#8230;<\/p>\n","protected":false},"author":1,"featured_media":0,"parent":0,"menu_order":0,"comment_status":"open","ping_status":"closed","template":"","meta":{"footnotes":""},"class_list":["post-873","page","type-page","status-publish","hentry"],"_links":{"self":[{"href":"https:\/\/tanteasoluciones.com\/empresa\/wp-json\/wp\/v2\/pages\/873","targetHints":{"allow":["GET"]}}],"collection":[{"href":"https:\/\/tanteasoluciones.com\/empresa\/wp-json\/wp\/v2\/pages"}],"about":[{"href":"https:\/\/tanteasoluciones.com\/empresa\/wp-json\/wp\/v2\/types\/page"}],"author":[{"embeddable":true,"href":"https:\/\/tanteasoluciones.com\/empresa\/wp-json\/wp\/v2\/users\/1"}],"replies":[{"embeddable":true,"href":"https:\/\/tanteasoluciones.com\/empresa\/wp-json\/wp\/v2\/comments?post=873"}],"version-history":[{"count":5,"href":"https:\/\/tanteasoluciones.com\/empresa\/wp-json\/wp\/v2\/pages\/873\/revisions"}],"predecessor-version":[{"id":1373,"href":"https:\/\/tanteasoluciones.com\/empresa\/wp-json\/wp\/v2\/pages\/873\/revisions\/1373"}],"wp:attachment":[{"href":"https:\/\/tanteasoluciones.com\/empresa\/wp-json\/wp\/v2\/media?parent=873"}],"curies":[{"name":"wp","href":"https:\/\/api.w.org\/{rel}","templated":true}]}}